{"id":316,"date":"2019-12-11T15:21:35","date_gmt":"2019-12-11T15:21:35","guid":{"rendered":"https:\/\/healthandbeautypartn.live-website.com\/privacy-policy"},"modified":"2025-03-04T21:04:57","modified_gmt":"2025-03-04T20:04:57","slug":"agb","status":"publish","type":"page","link":"https:\/\/healthandbeauty-partners.de\/en\/shop-de\/info\/agb\/","title":{"rendered":"Allgemeine Gesch\u00e4ftsbedingungen"},"content":{"rendered":"<div data-elementor-type=\"wp-page\" data-elementor-id=\"316\" class=\"elementor elementor-316\" data-elementor-post-type=\"page\">\n\t\t\t\t\t\t<section class=\"elementor-section elementor-top-section elementor-element elementor-element-10e6cef elementor-section-boxed elementor-section-height-default elementor-section-height-default\" data-id=\"10e6cef\" data-element_type=\"section\">\n\t\t\t\t\t\t<div class=\"elementor-container elementor-column-gap-wider\">\n\t\t\t\t\t<div class=\"elementor-column elementor-col-100 elementor-top-column elementor-element elementor-element-a169c2c\" data-id=\"a169c2c\" data-element_type=\"column\">\n\t\t\t<div class=\"elementor-widget-wrap elementor-element-populated\">\n\t\t\t\t\t\t<div class=\"elementor-element elementor-element-9c508c5 elementor-widget elementor-widget-text-editor\" data-id=\"9c508c5\" data-element_type=\"widget\" data-widget_type=\"text-editor.default\">\n\t\t\t\t<div class=\"elementor-widget-container\">\n\t\t\t\t\t\t\t\t\t<h3 class=\"h3\"><b>1.\u00a0<\/b><b>Geltungsbereich<\/b><\/h3><p>1.1<\/p><p>Die nachstehenden Allgemeinen Gesch\u00e4ftsbedingungen (AGB) gelten f\u00fcr alle gegenw\u00e4rtigen und zuk\u00fcnftigen Gesch\u00e4ftsbeziehungen zwischen health and beauty partners GmbH und unternehmerischen Kunden (\u201eB2B\u201c).<\/p><p>1.2<\/p><p>Abweichende, entgegenstehende oder erg\u00e4nzende Allgemeine Gesch\u00e4ftsbedingungen werden, selbst bei Kenntnis, nicht Vertragsbestandteil, es sei denn, ihrer Geltung wird ausdr\u00fccklich schriftlich zugestimmt.<\/p><h3 class=\"h3\"><b>2.\u00a0<\/b><b>Preise<\/b><\/h3><p>2.1 <b><\/b><\/p><p>Alle Preise verstehen sich zuz\u00fcglich der am Tage der Rechnungsstellung g\u00fcltigen Mehrwertsteuer.<\/p><p>2.2.<\/p><p>Bei Versendungskauf versteht sich der Kaufpreis zuz\u00fcglich Versandkosten.<\/p><h3 class=\"h3\"><b>3.<\/b> <strong>Lieferung, Liefertermine, Lieferzeiten, Gefahr\u00fcbergang<\/strong><\/h3><p>3.1<\/p><p>Lieferzeiten sind unverbindlich, wenn sie nicht schriftlich verbindlich vereinbart sind. Vertrags\u00e4nderungen, die sich auf die Lieferzeit auswirken k\u00f6nnen, f\u00fchren zu deren angemessenen Verl\u00e4ngerung. Eine Lieferfrist verl\u00e4ngert sich in angemessenem Rahmen, wenn deren Einhaltung durch h\u00f6here Gewalt, Streiks oder von health and beauty partners GmbH nicht zu vertretende Umst\u00e4nde verhindert wird.<\/p><p>3.2<\/p><p>Die Gefahr des zuf\u00e4lligen Unterganges und der zuf\u00e4lligen Verschlechterung der Ware geht mit der \u00dcbergabe, bei Versendungskauf mit der Auslieferung der Sache an den Spediteur, den Frachtf\u00fchrer oder der sonst zur Ausf\u00fchrung der Versendung bestimmten Person oder Anstalt auf den K\u00e4ufer \u00fcber. Der \u00dcbergabe steht es gleich, wenn der Kunde im Verzug der Annahme ist.<\/p><p>3.3<\/p><p>Wir sind nicht zum Abschluss von Versicherungen gegen Sch\u00e4den jeglicher Art verpflichtet. Der Versand erfolgt auf Rechnung und Gefahr des Kunden.<\/p><p>3.4<\/p><p>Falls wir mit unseren Lieferungen in Verzug geraten, muss der Kunde eine angemessene Nachfrist zur Lieferung setzen. Nach Ablauf dieser Nachfrist darf der Kunde vom Vertrag zur\u00fccktreten, falls die Ware bis dahin noch nicht versandbereit gemeldet worden ist. Der Kunde ist aber auch in diesem Fall zur Abnahme von Teilmengen verpflichtet, soweit diese noch innerhalb der Nachfrist geliefert werden k\u00f6nnen.<\/p><p>3.5<\/p><p>Ein Schadensersatzanspruch bei Verzug besteht nur, wenn der Kunde konkret nachweist, dass und in welcher H\u00f6he ein Schaden entstanden ist. Ein etwa bestehender Schadensersatzanspruch ist jedoch in jedem Falle begrenzt auf 1 % des Wertes, der von der Verz\u00f6gerung betroffenen Ware pro Woche der Versp\u00e4tung bis zu h\u00f6chstens 10 %.<\/p><p>3.6<\/p><p>Verz\u00f6gert sich die Ausf\u00fchrung der Lieferung durch Verschulden des Kunden, so ist uns der hierdurch entstandene Schaden zu ersetzen.<\/p><p>3.7<\/p><p>Solange der Kunde mit f\u00e4lligen Leistungen im R\u00fcckstand ist, sind wir unbeschadet weiterer Rechte befugt, unsere Lieferungen einzustellen.<\/p><p>3.8<\/p><p>Wir sind jederzeit zu Teillieferungen Teillieferungen gelten grunds\u00e4tzlich hinsichtlich der Bezahlung als besonderes Gesch\u00e4ft.<\/p><h3 class=\"h3\"><b>4. <\/b><strong>Zahlungsbedingungen, R\u00fccktritts- und R\u00fccknahmerecht<\/strong><\/h3><p>4.1<\/p><p>Die Zahlung des Rechnungsbetrages hat vor Lieferung zu erfolgen, sofern auf der Rechnung nicht davon abweichende Zahlungsbedingungen vermerkt sind. Die Zahlung ist so zu leisten, dass wir am F\u00e4lligkeitstag \u00fcber den zu zahlenden Betrag verf\u00fcgen k\u00f6nnen.<\/p><p>4.2<\/p><p>Wird ein Auftrag mit unserem Einverst\u00e4ndnis storniert oder abge\u00e4ndert, so sind die bis zu diesem Zeitpunkt entstandenen Aufwendungen, insbesondere Arbeitsleistungen und Beschaffungskosten voll zu ersetzen.\u00a0<\/p><p>4.3<\/p><p>Bei Zahlungsverzug im Falle von vereinbarten Zahlungskonditionen mit Frist ist die Forderung in H\u00f6he von acht Prozentpunkten \u00fcber dem Basiszinssatz der EZB zu Wir behalten uns vor, einen h\u00f6heren Verzugsschaden nachzuweisen und geltend zu machen.<\/p><p>4.4<\/p><p>F\u00fcr den Fall, dass Zahlungen nicht rechtzeitig geleistet sind, werden alle unsere Forderungen f\u00e4llig und zwar ohne R\u00fccksicht auf etwaige Zieleinr\u00e4umungen oder die Laufzeit hereingenommener F\u00fcr diesen Fall sind wir berechtigt, Sicherheiten zu verlangen und\/oder noch ausstehende Lieferungen nur gegen Vorauszahlung oder Sicherheitsleistung auszuf\u00fchren.<\/p><p>4.5<\/p><p>Der Kunde hat ein Recht zur Aufrechnung nur, wenn seine Gegenanspr\u00fcche rechtskr\u00e4ftig festgestellt oder durch uns anerkannt wurden. Ein Zur\u00fcckbehaltungsrecht kann der Kunde nur aus\u00fcben, wenn sein Gegenanspruch auf demselben Vertragsverh\u00e4ltnis beruht.<\/p><p>4.6<\/p><p>Werden Zahlungsbedingungen in wesentlichem Umfang nicht eingehalten oder werden Umst\u00e4nde bekannt, die die Kreditw\u00fcrdigkeit des Kunden in Frage stellen, insbesondere, wenn ein Wechsel nicht gezahlt oder ein Scheck nicht eingel\u00f6st wird, so werden s\u00e4mtliche Forderungen, auch solche, f\u00fcr die wir zahlungshalber Wechsel hereingenommen haben, sofort f\u00e4llig.<\/p><p>4.7<\/p><p>F\u00fcr diese F\u00e4lle, ebenso wie in allen anderen F\u00e4llen des Verzugs, haben wir das Recht, nach Nachfristsetzung vom Vertrag zur\u00fcckzutreten. Au\u00dferdem k\u00f6nnen wir unter Eigentumsvorbehalt gelieferte Ware ohne R\u00fccksicht auf Kosten des Kunden zur\u00fccknehmen. Unser Recht auf Schadensersatz bleibt unber\u00fchrt.<\/p><p>4.8<\/p><p>Desgleichen sind wir in allen F\u00e4llen zum R\u00fccktritt vom Vertrag berechtigt, soweit die Leistung infolge Einwirkung h\u00f6herer Gewalt oder infolge von Arbeitskampfma\u00dfnahmen bei uns oder bei einem Vorlieferanten nicht oder nicht rechtzeitig erbracht werden kann.<\/p><h3 class=\"h3\"><b>5. Eigentumsvorbehalt<\/b><\/h3><p>5.1<\/p><p>Wir behalten uns das Eigentum an der Ware bis zur vollst\u00e4ndigen Begleichung aller Forderungen aus einer laufenden Gesch\u00e4ftsbeziehung vor.<\/p><p>5.2<\/p><p>Der Kunde ist verpflichtet, die Ware pfleglich zu behandeln. Sofern Wartungs- und Inspektionsarbeiten erforderlich sind, hat der Kunde diese auf eigene Kosten regelm\u00e4\u00dfig durchzuf\u00fchren.<\/p><p>5.3<\/p><p>Der Kunde ist verpflichtet, uns einen Zugriff Dritter auf die Ware, etwa im Falle einer Pf\u00e4ndung, sowie etwaige Besch\u00e4digungen oder die Vernichtung der Ware unverz\u00fcglich mitzuteilen. Einen Besitzwechsel der Ware sowie den eigenen Wohnsitzwechsel hat uns der Kunde unverz\u00fcglich<\/p><p>5.4<\/p><p>Wir sind berechtigt, bei vertragswidrigem Verhalten des Kunden, insbesondere bei Zahlungsverzug oder einer Verletzung nach Ziff. 3 und 4 dieser Bestimmung vom Vertrag zur\u00fcckzutreten und die Ware<\/p><p>5.5<\/p><p>Bis zur vollst\u00e4ndigen Bezahlung ist der Kunde nicht berechtigt, die Ware an Dritte zu verpf\u00e4nden oder zur Sicherung zu \u00fcbereignen oder sonst dar\u00fcber zu verf\u00fcgen. Der Kunde ist berechtigt, die Ware in ordentlichem Gesch\u00e4ftsgang weiter zu ver\u00e4u\u00dfern. Er tritt uns bereits jetzt alle Forderungen in H\u00f6he des Rechnungsbetrages ab, die ihm durch die Weiterver\u00e4u\u00dferung gegen einen Dritten erwachsen. Wir nehmen die Abtretung an. Nach der Abtretung ist der Kunde zur Einziehung der Forderung erm\u00e4chtigt. Wir behalten uns vor, die Forderung selbst einzuziehen, sobald der Kunde seinen Zahlungsverpflichtungen nicht ordnungsgem\u00e4\u00df nachkommt und in Zahlungsverzug ger\u00e4t. Hat der Kunde unseres Kunden die Abtretung ausgeschlossen, so d\u00fcrfen ihm die von uns gelieferten Waren nur gegen Barzahlung verkauft werden, die in H\u00f6he unserer offenen Forderungen unverz\u00fcglich an uns weiterzugeben sind. Der Kunde ist verpflichtet, uns auf Verlangen Namen und Adresse seines Kunden zu benennen, und uns eine Abschrift des mit diesem geschlossenen Vertrages zu \u00fcberlassen. health and beauty partners GmbH verpflichtet sich, diese Sicherheit auf Verlangen des Kun- den freizugeben, soweit die Sicherheit den Wert der zu sichernden Forderung um mehr als 20 % \u00fcbersteigt.<\/p><p>5.6<\/p><p>Die Be- und Verarbeitung der Ware durch den Kunden erfolgt stets im Namen und im Auftrag f\u00fcr Erfolgt eine Verarbeitung mit uns nicht geh\u00f6renden Gegenst\u00e4nden, so erwerben wir an der neuen Sache das Miteigentum im Verh\u00e4ltnis zum Wert der von uns gelieferten Ware zu den sonstigen verarbeiteten Gegenst\u00e4nden. Dasselbe gilt, wenn die Ware mit anderen, uns nicht geh\u00f6renden Gegenst\u00e4nden vermischt ist.<\/p><p>5.7<\/p><p>Zahlungen, die zu Lieferungen eines von uns ausgestellten und vom Kunden akzeptierten Wechsels erfolgen, gelten erst dann als geleistet, wenn der Wechsel von Ihnen eingel\u00f6st ist und wir somit aus der Wechselhaftung befreit sind, so dass der vereinbarte Eigentumsvorbehalt sowie die sonstigen Vorbehaltsrechte zumindest bis zur Einl\u00f6sung des Wechsels zu unseren Gunsten bestehen bleiben.<\/p><h3 class=\"h3\"><b>6. Gew\u00e4hrleistung<\/b><\/h3><p>6.1<\/p><p>Ist der Liefergegenstand mangelhaft, so hat die health and beauty partners GmbH nach ihrer Wahl Ersatz zu liefern oder nachzubessern.\u00a0 Warenr\u00fccksendungen bed\u00fcrfen der vorherigen Zustimmung der health and beauty partners GmbH. M\u00e4ngel eines Teiles der Lieferung k\u00f6nnen nicht zur Beanstandung der ganzen Lieferung f\u00fchren, es sei denn, die Gesamtlieferung ist f\u00fcr den Kunden nicht verwendbar.<\/p><p>6.2<\/p><p>L\u00e4sst die health and beauty partners GmbH eine ihr vom Kunden gesetzte, angemessene Nachfrist verstreichen, ohne den Mangel zu beheben, oder schl\u00e4gt die Ersatzlieferung oder Nachbesserung fehl, so kann der Kunde grunds\u00e4tzlich nach seiner Wahl Herabsetzung der Verg\u00fctung (Minderung) oder R\u00fcckg\u00e4ngigmachung des Vertrages (R\u00fccktritt) verlangen.<\/p><p>6.3<\/p><p>Offensichtliche M\u00e4ngel m\u00fcssen uns innerhalb einer Frist von zwei Wochen ab Empfang der Ware schriftlich angezeigt werden; andernfalls ist die Geltendmachung des Gew\u00e4hrleistungsanspruchs ausgeschlossen. Zur Fristwahrung gen\u00fcgt die rechtzeitige Absendung. Den Kunden trifft die volle Beweislast f\u00fcr s\u00e4mtliche Anspruchsvoraussetzungen, insbesondere f\u00fcr den Mangel selbst, f\u00fcr den Zeitpunkt der Feststellung des Mangels und f\u00fcr die Rechtzeitigkeit der M\u00e4ngelr\u00fcge.<\/p><p>6.4<\/p><p>F\u00fcr M\u00e4ngel, die auf ungeeigneter oder unsachgem\u00e4\u00dfer Verwendung oder Lagerung beruhen, wird keine Haftung \u00fcbernommen.<\/p><p>6.5<\/p><p>W\u00e4hlt der Kunde wegen eines Rechts- oder Sachmangels nach gescheiterter Nacherf\u00fcllung den R\u00fccktritt vom Vertrag, steht ihm daneben kein Schadensersatzanspruch wegen des Mangels zu. W\u00e4hlt der Kunde nach gescheiterter Nacherf\u00fcllung Schadensersatz, verbleibt die Ware beim Kunden, wenn ihm dies zumutbar ist. Der Schadensersatz beschr\u00e4nkt sich auf die Differenz zwischen Kaufpreis und dem Wert der mangelhaften Sache. Dies gilt nicht, wenn wir die Vertragsverletzung arglistig verursacht haben.<\/p><p>6.6<\/p><p>Die Gew\u00e4hrleistungsfrist betr\u00e4gt ein Jahr ab Ablieferung der Ware.<\/p><p>6.7<\/p><p>Als Beschaffenheit der Ware gilt grunds\u00e4tzlich nur die Produktbeschreibung als vereinbart. \u00d6ffentliche \u00c4u\u00dferungen, Anweisungen oder Werbung stellen daneben keine vertragsgem\u00e4\u00dfe Beschaffenheitsangabe der Ware dar.<\/p><p>6.8<\/p><p>Garantien im Rechtssinne erh\u00e4lt der Kunde durch uns nicht.<\/p><h3 class=\"h3\"><b>7.\u00a0<\/b><b>Aufrechnung<\/b><\/h3><p>Der Kunde kann nur mit unbestrittenen oder rechtskr\u00e4ftig festgestellten Forderungen die Aufrechnung erkl\u00e4ren.<\/p><h3 class=\"h3\"><b>8. Eigentums- und Urheberrechte<\/b><\/h3><p>An Abbildungen, Zeichnungen, Kalkulationen, Entw\u00fcrfen, Pl\u00e4nen und sonstigen vergleichbaren Unterlagen beh\u00e4lt sich die health and beauty partners GmbH s\u00e4mtliche Eigentums-, Urheber- und Erfinderrechte vor. Dies gilt insbesondere auch f\u00fcr Unterlagen, die als \u201evertraulich\u201c bezeichnet sind. Vor deren Weitergabe an Dritte bedarf der Kunde der ausdr\u00fccklichen schriftlichen Zustimmung von der health and beauty partners GmbH.<\/p><h3 class=\"h3\"><b>9.\u00a0<\/b><b>Haftung<\/b><\/h3><p>9.1<\/p><p>Bei leicht fahrl\u00e4ssigen Pflichtverletzungen beschr\u00e4nkt sich unsere Haftung auf den nach der Art der Ware vorhersehbaren, vertragstypischen, unmittelbaren Durchschnittsschaden. Dies gilt auch bei leicht fahrl\u00e4ssigen Pflichtverletzungen unserer gesetzlichen Vertreter oder Erf\u00fcllungsgehilfen. Gegen\u00fcber Unternehmern haften wir bei leicht fahrl\u00e4ssiger Verletzung unwesentlicher Vertragspflichten nicht.<\/p><p>9.2<\/p><p>Die vorstehenden Haftungsbeschr\u00e4nkungen betreffen nicht Anspr\u00fcche des Kunden aus Produkthaftung. Weiter gelten die Haftungsbeschr\u00e4nkungen nicht bei uns zurechenbaren K\u00f6rper- und Gesundheitssch\u00e4den oder bei Verlust des Lebens des Kunden.<\/p><h3 class=\"h3\"><b>10. Unwirksamkeit von Bedingungen<\/b><\/h3><p>Sollten einzelne Bestimmungen des Vertrages einschlie\u00dflich dieser Allgemeinen Gesch\u00e4ftsbedingungen ganz oder teilweise unwirksam sein oder werden, so wird hierdurch die G\u00fcltigkeit der \u00fcbrigen Bestimmungen nicht ber\u00fchrt. Die ganz oder teilweise unwirksame Regelung soll durch eine Regelung ersetzt werden, deren wirtschaftlicher Erfolg den der Unwirksamen m\u00f6glichst nahe kommt.<\/p><h3 class=\"h3\"><b>11. <\/b><b>Gerichtsstand, anwendbares Recht<\/b><\/h3><p>11.1<\/p><p>Gerichtsstand f\u00fcr s\u00e4mtliche Streitigkeiten, die sich aus der Gesch\u00e4ftsbeziehung ergeben, ist M\u00fcnchen. Die health and beauty partners GmbH ist jedoch berechtigt, den Kunden am Ort dessen Gesch\u00e4ftssitzes zu verklagen.<\/p><p>11.2<\/p><p>Es gilt das Recht der Bundesrepublik Deutschland. Die Bestimmungen des UN-Kaufrechtes finden keine Anwendung.<\/p><p>11.3<\/p><p>Eine Aufhebung, \u00c4nderung oder Erg\u00e4nzung dieser AGB bedarf zu ihrer Wirksamkeit der Schriftform. Auch die Aufhebung dieser Schriftformklausel ist nur in schriftlicher Form wirksam.<\/p>\t\t\t\t\t\t\t\t<\/div>\n\t\t\t\t<\/div>\n\t\t\t\t\t<\/div>\n\t\t<\/div>\n\t\t\t\t\t<\/div>\n\t\t<\/section>\n\t\t\t\t<\/div>","protected":false},"excerpt":{"rendered":"<p>1.\u00a0Geltungsbereich 1.1 Die nachstehenden Allgemeinen Gesch\u00e4ftsbedingungen (AGB) gelten f\u00fcr alle gegenw\u00e4rtigen und zuk\u00fcnftigen Gesch\u00e4ftsbeziehungen zwischen health and beauty partners GmbH und unternehmerischen Kunden (\u201eB2B\u201c). 1.2 Abweichende, entgegenstehende oder erg\u00e4nzende Allgemeine Gesch\u00e4ftsbedingungen werden, selbst bei Kenntnis, nicht Vertragsbestandteil, es sei denn, ihrer Geltung wird ausdr\u00fccklich schriftlich zugestimmt. 2.\u00a0Preise 2.1 Alle Preise verstehen sich zuz\u00fcglich der am&hellip;<\/p>","protected":false},"author":2,"featured_media":0,"parent":5691,"menu_order":0,"comment_status":"closed","ping_status":"closed","template":"","meta":{"footnotes":""},"class_list":["post-316","page","type-page","status-publish","hentry"],"_links":{"self":[{"href":"https:\/\/healthandbeauty-partners.de\/en\/wp-json\/wp\/v2\/pages\/316","targetHints":{"allow":["GET"]}}],"collection":[{"href":"https:\/\/healthandbeauty-partners.de\/en\/wp-json\/wp\/v2\/pages"}],"about":[{"href":"https:\/\/healthandbeauty-partners.de\/en\/wp-json\/wp\/v2\/types\/page"}],"author":[{"embeddable":true,"href":"https:\/\/healthandbeauty-partners.de\/en\/wp-json\/wp\/v2\/users\/2"}],"replies":[{"embeddable":true,"href":"https:\/\/healthandbeauty-partners.de\/en\/wp-json\/wp\/v2\/comments?post=316"}],"version-history":[{"count":38,"href":"https:\/\/healthandbeauty-partners.de\/en\/wp-json\/wp\/v2\/pages\/316\/revisions"}],"predecessor-version":[{"id":20674,"href":"https:\/\/healthandbeauty-partners.de\/en\/wp-json\/wp\/v2\/pages\/316\/revisions\/20674"}],"up":[{"embeddable":true,"href":"https:\/\/healthandbeauty-partners.de\/en\/wp-json\/wp\/v2\/pages\/5691"}],"wp:attachment":[{"href":"https:\/\/healthandbeauty-partners.de\/en\/wp-json\/wp\/v2\/media?parent=316"}],"curies":[{"name":"wp","href":"https:\/\/api.w.org\/{rel}","templated":true}]}}