{"id":304,"date":"2019-12-11T14:47:18","date_gmt":"2019-12-11T14:47:18","guid":{"rendered":"https:\/\/healthandbeautypartn.live-website.com\/returns-and-refunds"},"modified":"2024-12-08T14:48:30","modified_gmt":"2024-12-08T14:48:30","slug":"reklamation","status":"publish","type":"page","link":"https:\/\/healthandbeauty-partners.de\/en\/shop-de\/info\/reklamation\/","title":{"rendered":"Reklamation"},"content":{"rendered":"<div data-elementor-type=\"wp-page\" data-elementor-id=\"304\" class=\"elementor elementor-304\" data-elementor-post-type=\"page\">\n\t\t\t\t\t\t<section class=\"elementor-section elementor-top-section elementor-element elementor-element-716f5d3 elementor-section-boxed elementor-section-height-default elementor-section-height-default\" data-id=\"716f5d3\" data-element_type=\"section\">\n\t\t\t\t\t\t<div class=\"elementor-container elementor-column-gap-wider\">\n\t\t\t\t\t<div class=\"elementor-column elementor-col-100 elementor-top-column elementor-element elementor-element-87e8945\" data-id=\"87e8945\" data-element_type=\"column\">\n\t\t\t<div class=\"elementor-widget-wrap elementor-element-populated\">\n\t\t\t\t\t\t<div class=\"elementor-element elementor-element-1f2c9dd elementor-widget__width-initial elementor-widget elementor-widget-the7-heading\" data-id=\"1f2c9dd\" data-element_type=\"widget\" data-widget_type=\"the7-heading.default\">\n\t\t\t\t<div class=\"elementor-widget-container\">\n\t\t\t\t\t<h2 class=\"the7-heading-title elementor-size-default\">Wir legen gro\u00dfen Wert auf die Qualit\u00e4t unserer Produkte und Ihren Einkaufserfolg. Sollte es dennoch Grund zur Beanstandung geben, k\u00fcmmern wir uns schnell und unkompliziert um Ihr Anliegen.<\/h2>\t\t\t\t<\/div>\n\t\t\t\t<\/div>\n\t\t\t\t\t<\/div>\n\t\t<\/div>\n\t\t\t\t\t<\/div>\n\t\t<\/section>\n\t\t\t\t<section class=\"elementor-section elementor-top-section elementor-element elementor-element-247218a elementor-section-boxed elementor-section-height-default elementor-section-height-default\" data-id=\"247218a\" data-element_type=\"section\">\n\t\t\t\t\t\t<div class=\"elementor-container elementor-column-gap-wider\">\n\t\t\t\t\t<div class=\"elementor-column elementor-col-100 elementor-top-column elementor-element elementor-element-6e55fb7\" data-id=\"6e55fb7\" data-element_type=\"column\">\n\t\t\t<div class=\"elementor-widget-wrap elementor-element-populated\">\n\t\t\t\t\t\t<div class=\"elementor-element elementor-element-731bdc7 elementor-widget elementor-widget-heading\" data-id=\"731bdc7\" data-element_type=\"widget\" data-widget_type=\"heading.default\">\n\t\t\t\t<div class=\"elementor-widget-container\">\n\t\t\t\t\t<h3 class=\"elementor-heading-title elementor-size-default\">So melden Sie eine Reklamation an:<\/h3>\t\t\t\t<\/div>\n\t\t\t\t<\/div>\n\t\t\t\t<div class=\"elementor-element elementor-element-3118ac5 elementor-widget elementor-widget-spacer\" data-id=\"3118ac5\" data-element_type=\"widget\" data-widget_type=\"spacer.default\">\n\t\t\t\t<div class=\"elementor-widget-container\">\n\t\t\t\t\t\t\t<div class=\"elementor-spacer\">\n\t\t\t<div class=\"elementor-spacer-inner\"><\/div>\n\t\t<\/div>\n\t\t\t\t\t\t<\/div>\n\t\t\t\t<\/div>\n\t\t\t\t<div class=\"elementor-element elementor-element-920dcfe elementor-widget elementor-widget-text-editor\" data-id=\"920dcfe\" data-element_type=\"widget\" data-widget_type=\"text-editor.default\">\n\t\t\t\t<div class=\"elementor-widget-container\">\n\t\t\t\t\t\t\t\t\t<ol><li>Melden Sie die Reklamation schriftlich: Nutzen Sie unser <a href=\"https:\/\/healthandbeauty-partners.de\/en\/shop-de\/info\/kontakt\/\">Contact form<\/a> oder senden Sie eine E-Mail an <a rel=\"noopener\">shop@healthandbeauty-partners.de<\/a>.<\/li><li>Teilen Sie uns die Details mit: Bitte geben Sie die Bestellnummer, das betroffene Produkt sowie den Grund f\u00fcr die Reklamation an. F\u00fcgen Sie bei Bedarf Fotos bei, die den Mangel dokumentieren.<\/li><li>Erhalten Sie eine L\u00f6sung: Nach Pr\u00fcfung Ihres Anliegens setzen wir uns zeitnah mit Ihnen in Verbindung, um eine passende L\u00f6sung zu finden \u2013 sei es Ersatz, Gutschrift oder R\u00fccknahme.<\/li><\/ol>\t\t\t\t\t\t\t\t<\/div>\n\t\t\t\t<\/div>\n\t\t\t\t\t<\/div>\n\t\t<\/div>\n\t\t\t\t\t<\/div>\n\t\t<\/section>\n\t\t\t\t<section class=\"elementor-section elementor-top-section elementor-element elementor-element-6afa996 elementor-section-boxed elementor-section-height-default elementor-section-height-default\" data-id=\"6afa996\" data-element_type=\"section\">\n\t\t\t\t\t\t<div class=\"elementor-container elementor-column-gap-wider\">\n\t\t\t\t\t<div class=\"elementor-column elementor-col-100 elementor-top-column elementor-element elementor-element-15bbf23\" data-id=\"15bbf23\" data-element_type=\"column\">\n\t\t\t<div class=\"elementor-widget-wrap elementor-element-populated\">\n\t\t\t\t\t\t<div class=\"elementor-element elementor-element-672b903 elementor-widget elementor-widget-heading\" data-id=\"672b903\" data-element_type=\"widget\" data-widget_type=\"heading.default\">\n\t\t\t\t<div class=\"elementor-widget-container\">\n\t\t\t\t\t<h3 class=\"elementor-heading-title elementor-size-default\">Wichtig!<\/h3>\t\t\t\t<\/div>\n\t\t\t\t<\/div>\n\t\t\t\t<div class=\"elementor-element elementor-element-043f16e elementor-widget elementor-widget-spacer\" data-id=\"043f16e\" data-element_type=\"widget\" data-widget_type=\"spacer.default\">\n\t\t\t\t<div class=\"elementor-widget-container\">\n\t\t\t\t\t\t\t<div class=\"elementor-spacer\">\n\t\t\t<div class=\"elementor-spacer-inner\"><\/div>\n\t\t<\/div>\n\t\t\t\t\t\t<\/div>\n\t\t\t\t<\/div>\n\t\t\t\t<div class=\"elementor-element elementor-element-6859374 elementor-widget__width-initial elementor-widget elementor-widget-the7-heading\" data-id=\"6859374\" data-element_type=\"widget\" data-widget_type=\"the7-heading.default\">\n\t\t\t\t<div class=\"elementor-widget-container\">\n\t\t\t\t\t<h2 class=\"the7-heading-title elementor-size-default\">Bitte beachten Sie, dass offensichtliche M\u00e4ngel innerhalb von zwei Wochen nach Erhalt der Ware schriftlich bei uns angezeigt werden m\u00fcssen. Vers\u00e4umte Meldungen innerhalb dieser Frist schlie\u00dfen die Geltendmachung von Gew\u00e4hrleistungsanspr\u00fcchen aus.\nF\u00fcr Transportsch\u00e4den bitten wir Sie, diese direkt beim Zusteller zu melden und uns zu informieren.\n\nWeitere Infos finden Sie in unseren AGB.<\/h2>\t\t\t\t<\/div>\n\t\t\t\t<\/div>\n\t\t\t\t\t<\/div>\n\t\t<\/div>\n\t\t\t\t\t<\/div>\n\t\t<\/section>\n\t\t\t\t<\/div>","protected":false},"excerpt":{"rendered":"<p>Wir legen gro\u00dfen Wert auf die Qualit\u00e4t unserer Produkte und Ihren Einkaufserfolg. Sollte es dennoch Grund zur Beanstandung geben, k\u00fcmmern wir uns schnell und unkompliziert um Ihr Anliegen. So melden Sie eine Reklamation an: Melden Sie die Reklamation schriftlich: Nutzen Sie unser Kontaktformular oder senden Sie eine E-Mail an shop@healthandbeauty-partners.de. Teilen Sie uns die Details&hellip;<\/p>","protected":false},"author":2,"featured_media":0,"parent":5691,"menu_order":0,"comment_status":"closed","ping_status":"closed","template":"","meta":{"footnotes":""},"class_list":["post-304","page","type-page","status-publish","hentry"],"_links":{"self":[{"href":"https:\/\/healthandbeauty-partners.de\/en\/wp-json\/wp\/v2\/pages\/304","targetHints":{"allow":["GET"]}}],"collection":[{"href":"https:\/\/healthandbeauty-partners.de\/en\/wp-json\/wp\/v2\/pages"}],"about":[{"href":"https:\/\/healthandbeauty-partners.de\/en\/wp-json\/wp\/v2\/types\/page"}],"author":[{"embeddable":true,"href":"https:\/\/healthandbeauty-partners.de\/en\/wp-json\/wp\/v2\/users\/2"}],"replies":[{"embeddable":true,"href":"https:\/\/healthandbeauty-partners.de\/en\/wp-json\/wp\/v2\/comments?post=304"}],"version-history":[{"count":5,"href":"https:\/\/healthandbeauty-partners.de\/en\/wp-json\/wp\/v2\/pages\/304\/revisions"}],"predecessor-version":[{"id":19268,"href":"https:\/\/healthandbeauty-partners.de\/en\/wp-json\/wp\/v2\/pages\/304\/revisions\/19268"}],"up":[{"embeddable":true,"href":"https:\/\/healthandbeauty-partners.de\/en\/wp-json\/wp\/v2\/pages\/5691"}],"wp:attachment":[{"href":"https:\/\/healthandbeauty-partners.de\/en\/wp-json\/wp\/v2\/media?parent=304"}],"curies":[{"name":"wp","href":"https:\/\/api.w.org\/{rel}","templated":true}]}}