{"id":19182,"date":"2024-12-08T12:40:03","date_gmt":"2024-12-08T12:40:03","guid":{"rendered":"https:\/\/healthandbeauty-partners.de\/?page_id=19182"},"modified":"2024-12-08T12:48:04","modified_gmt":"2024-12-08T12:48:04","slug":"ueber-uns","status":"publish","type":"page","link":"https:\/\/healthandbeauty-partners.de\/en\/shop-de\/info\/ueber-uns\/","title":{"rendered":"About us"},"content":{"rendered":"<div data-elementor-type=\"wp-page\" data-elementor-id=\"19182\" class=\"elementor elementor-19182\" data-elementor-post-type=\"page\">\n\t\t\t\t\t\t<section class=\"elementor-section elementor-top-section elementor-element elementor-element-c9a72b7 elementor-section-boxed elementor-section-height-default elementor-section-height-default\" data-id=\"c9a72b7\" data-element_type=\"section\">\n\t\t\t\t\t\t<div class=\"elementor-container elementor-column-gap-wider\">\n\t\t\t\t\t<div class=\"elementor-column elementor-col-100 elementor-top-column elementor-element elementor-element-eac101e\" data-id=\"eac101e\" data-element_type=\"column\">\n\t\t\t<div class=\"elementor-widget-wrap elementor-element-populated\">\n\t\t\t\t\t\t<div class=\"elementor-element elementor-element-60a23b8 elementor-widget__width-initial elementor-widget elementor-widget-the7-heading\" data-id=\"60a23b8\" data-element_type=\"widget\" data-widget_type=\"the7-heading.default\">\n\t\t\t\t<div class=\"elementor-widget-container\">\n\t\t\t\t\t<h2 class=\"the7-heading-title elementor-size-default\">Based in the picturesque town of Passau in Bavaria, we specialise in the sale of health and beauty concepts. Our company stands for quality, customer-orientation and innovation. With our products and concepts, we actively contribute to the business success of our partners and the well-being of our end customers, positioning ourselves as a reliable partner in a dynamic and demanding market.<\/h2>\t\t\t\t<\/div>\n\t\t\t\t<\/div>\n\t\t\t\t<div class=\"elementor-element elementor-element-30b7fda elementor-widget elementor-widget-spacer\" data-id=\"30b7fda\" data-element_type=\"widget\" data-widget_type=\"spacer.default\">\n\t\t\t\t<div class=\"elementor-widget-container\">\n\t\t\t\t\t\t\t<div class=\"elementor-spacer\">\n\t\t\t<div class=\"elementor-spacer-inner\"><\/div>\n\t\t<\/div>\n\t\t\t\t\t\t<\/div>\n\t\t\t\t<\/div>\n\t\t\t\t<div class=\"elementor-element elementor-element-39c2bbd elementor-widget__width-initial elementor-widget elementor-widget-the7-heading\" data-id=\"39c2bbd\" data-element_type=\"widget\" data-widget_type=\"the7-heading.default\">\n\t\t\t\t<div class=\"elementor-widget-container\">\n\t\t\t\t\t<h2 class=\"the7-heading-title elementor-size-default\">Weitere Informationen zu unseren Dienstleistungen und Produkten finden Sie unter:<\/h2>\t\t\t\t<\/div>\n\t\t\t\t<\/div>\n\t\t\t\t<div class=\"elementor-element elementor-element-87d4fe0 elementor-widget elementor-widget-spacer\" data-id=\"87d4fe0\" data-element_type=\"widget\" data-widget_type=\"spacer.default\">\n\t\t\t\t<div class=\"elementor-widget-container\">\n\t\t\t\t\t\t\t<div class=\"elementor-spacer\">\n\t\t\t<div class=\"elementor-spacer-inner\"><\/div>\n\t\t<\/div>\n\t\t\t\t\t\t<\/div>\n\t\t\t\t<\/div>\n\t\t\t\t<div class=\"elementor-element elementor-element-769923d elementor-align-left elementor-widget__width-initial elementor-widget elementor-widget-the7_button_widget\" data-id=\"769923d\" data-element_type=\"widget\" data-widget_type=\"the7_button_widget.default\">\n\t\t\t\t<div class=\"elementor-widget-container\">\n\t\t\t\t\t<div class=\"elementor-button-wrapper\"><a href=\"https:\/\/healthandbeauty-partners.de\/en\/\" target=\"_blank\" class=\"box-button elementor-button elementor-size-md\">healthandbeauty-partners.de<\/a><\/div>\t\t\t\t<\/div>\n\t\t\t\t<\/div>\n\t\t\t\t\t<\/div>\n\t\t<\/div>\n\t\t\t\t\t<\/div>\n\t\t<\/section>\n\t\t\t\t<\/div>","protected":false},"excerpt":{"rendered":"<p>Mit Sitz im malerischen Niederbayern in Passau sind wir auf den Vertrieb von Gesundheits- und Sch\u00f6nheitskonzepten spezialisiert. Unser Unternehmen steht f\u00fcr Qualit\u00e4t, Kundenorientierung und Innovationskraft. Mit unseren Produkten und Konzepten tragen wir aktiv zum Gesch\u00e4ftserfolg unserer Partner und zum Wohlbefinden unserer Endkunden bei und positionieren uns dabei als verl\u00e4sslicher Partner in einem dynamischen und anspruchsvollen&hellip;<\/p>","protected":false},"author":1,"featured_media":0,"parent":5691,"menu_order":0,"comment_status":"closed","ping_status":"closed","template":"","meta":{"footnotes":""},"class_list":["post-19182","page","type-page","status-publish","hentry"],"_links":{"self":[{"href":"https:\/\/healthandbeauty-partners.de\/en\/wp-json\/wp\/v2\/pages\/19182","targetHints":{"allow":["GET"]}}],"collection":[{"href":"https:\/\/healthandbeauty-partners.de\/en\/wp-json\/wp\/v2\/pages"}],"about":[{"href":"https:\/\/healthandbeauty-partners.de\/en\/wp-json\/wp\/v2\/types\/page"}],"author":[{"embeddable":true,"href":"https:\/\/healthandbeauty-partners.de\/en\/wp-json\/wp\/v2\/users\/1"}],"replies":[{"embeddable":true,"href":"https:\/\/healthandbeauty-partners.de\/en\/wp-json\/wp\/v2\/comments?post=19182"}],"version-history":[{"count":7,"href":"https:\/\/healthandbeauty-partners.de\/en\/wp-json\/wp\/v2\/pages\/19182\/revisions"}],"predecessor-version":[{"id":19192,"href":"https:\/\/healthandbeauty-partners.de\/en\/wp-json\/wp\/v2\/pages\/19182\/revisions\/19192"}],"up":[{"embeddable":true,"href":"https:\/\/healthandbeauty-partners.de\/en\/wp-json\/wp\/v2\/pages\/5691"}],"wp:attachment":[{"href":"https:\/\/healthandbeauty-partners.de\/en\/wp-json\/wp\/v2\/media?parent=19182"}],"curies":[{"name":"wp","href":"https:\/\/api.w.org\/{rel}","templated":true}]}}