{"id":19115,"date":"2024-12-08T09:56:38","date_gmt":"2024-12-08T09:56:38","guid":{"rendered":"https:\/\/healthandbeauty-partners.de\/?page_id=19115"},"modified":"2024-12-08T15:00:34","modified_gmt":"2024-12-08T15:00:34","slug":"wiederrufsbelehrung","status":"publish","type":"page","link":"https:\/\/healthandbeauty-partners.de\/en\/shop-de\/info\/wiederrufsbelehrung\/","title":{"rendered":"Widerrufsbelehrung"},"content":{"rendered":"<div data-elementor-type=\"wp-page\" data-elementor-id=\"19115\" class=\"elementor elementor-19115\" data-elementor-post-type=\"page\">\n\t\t\t\t\t\t<section class=\"elementor-section elementor-top-section elementor-element elementor-element-3214a38 elementor-section-boxed elementor-section-height-default elementor-section-height-default\" data-id=\"3214a38\" data-element_type=\"section\">\n\t\t\t\t\t\t<div class=\"elementor-container elementor-column-gap-wider\">\n\t\t\t\t\t<div class=\"elementor-column elementor-col-100 elementor-top-column elementor-element elementor-element-9b04473\" data-id=\"9b04473\" data-element_type=\"column\">\n\t\t\t<div class=\"elementor-widget-wrap elementor-element-populated\">\n\t\t\t\t\t\t<div class=\"elementor-element elementor-element-4b95a5c elementor-widget__width-initial elementor-widget elementor-widget-the7-heading\" data-id=\"4b95a5c\" data-element_type=\"widget\" data-widget_type=\"the7-heading.default\">\n\t\t\t\t<div class=\"elementor-widget-container\">\n\t\t\t\t\t<h2 class=\"the7-heading-title elementor-size-default\">Bitte beachten Sie, dass im Gesch\u00e4ftsverkehr zwischen Unternehmen (B2B) <b>kein<\/b> gesetzliches Widerrufsrecht besteht. Bestellungen sind verbindlich und k\u00f6nnen nicht ohne unsere ausdr\u00fcckliche Zustimmung widerrufen werden.\n\n<br><br>Sollten Sie jedoch aus besonderen Gr\u00fcnden eine Anpassung Ihrer Bestellung ben\u00f6tigen, setzen Sie sich bitte umgehend mit unserem Kundenservice \u00fcber unser Kontaktformular oder unter <b>shop@healthandbeauty-partners.de<\/b> in Verbindung. Wir pr\u00fcfen Ihr Anliegen und suchen gemeinsam nach einer L\u00f6sung, soweit dies m\u00f6glich ist.\n\n<br><br>Vielen Dank f\u00fcr Ihr Verst\u00e4ndnis!<\/h2>\t\t\t\t<\/div>\n\t\t\t\t<\/div>\n\t\t\t\t\t<\/div>\n\t\t<\/div>\n\t\t\t\t\t<\/div>\n\t\t<\/section>\n\t\t\t\t<\/div>","protected":false},"excerpt":{"rendered":"<p>Bitte beachten Sie, dass im Gesch\u00e4ftsverkehr zwischen Unternehmen (B2B) kein gesetzliches Widerrufsrecht besteht. Bestellungen sind verbindlich und k\u00f6nnen nicht ohne unsere ausdr\u00fcckliche Zustimmung widerrufen werden. Sollten Sie jedoch aus besonderen Gr\u00fcnden eine Anpassung Ihrer Bestellung ben\u00f6tigen, setzen Sie sich bitte umgehend mit unserem Kundenservice \u00fcber unser Kontaktformular oder unter shop@healthandbeauty-partners.de in Verbindung. Wir pr\u00fcfen Ihr&hellip;<\/p>","protected":false},"author":1,"featured_media":0,"parent":5691,"menu_order":0,"comment_status":"closed","ping_status":"closed","template":"","meta":{"footnotes":""},"class_list":["post-19115","page","type-page","status-publish","hentry"],"_links":{"self":[{"href":"https:\/\/healthandbeauty-partners.de\/en\/wp-json\/wp\/v2\/pages\/19115","targetHints":{"allow":["GET"]}}],"collection":[{"href":"https:\/\/healthandbeauty-partners.de\/en\/wp-json\/wp\/v2\/pages"}],"about":[{"href":"https:\/\/healthandbeauty-partners.de\/en\/wp-json\/wp\/v2\/types\/page"}],"author":[{"embeddable":true,"href":"https:\/\/healthandbeauty-partners.de\/en\/wp-json\/wp\/v2\/users\/1"}],"replies":[{"embeddable":true,"href":"https:\/\/healthandbeauty-partners.de\/en\/wp-json\/wp\/v2\/comments?post=19115"}],"version-history":[{"count":8,"href":"https:\/\/healthandbeauty-partners.de\/en\/wp-json\/wp\/v2\/pages\/19115\/revisions"}],"predecessor-version":[{"id":19275,"href":"https:\/\/healthandbeauty-partners.de\/en\/wp-json\/wp\/v2\/pages\/19115\/revisions\/19275"}],"up":[{"embeddable":true,"href":"https:\/\/healthandbeauty-partners.de\/en\/wp-json\/wp\/v2\/pages\/5691"}],"wp:attachment":[{"href":"https:\/\/healthandbeauty-partners.de\/en\/wp-json\/wp\/v2\/media?parent=19115"}],"curies":[{"name":"wp","href":"https:\/\/api.w.org\/{rel}","templated":true}]}}